{"id":80,"date":"2025-03-15T21:43:55","date_gmt":"2025-03-15T20:43:55","guid":{"rendered":"https:\/\/mon-bon-ami.fr\/?page_id=80"},"modified":"2025-09-22T00:33:45","modified_gmt":"2025-09-21T22:33:45","slug":"qui-suis-je","status":"publish","type":"page","link":"https:\/\/mon-bon-ami.fr\/?page_id=80","title":{"rendered":"Qui suis-je?"},"content":{"rendered":"\n<figure class=\"wp-block-image size-large\"><img loading=\"lazy\" decoding=\"async\" width=\"1024\" height=\"1024\" src=\"https:\/\/mon-bon-ami.fr\/wp-content\/uploads\/2025\/03\/space-8684249_1920-1024x1024.png\" alt=\"\" class=\"wp-image-119\" srcset=\"https:\/\/mon-bon-ami.fr\/wp-content\/uploads\/2025\/03\/space-8684249_1920-1024x1024.png 1024w, https:\/\/mon-bon-ami.fr\/wp-content\/uploads\/2025\/03\/space-8684249_1920-300x300.png 300w, https:\/\/mon-bon-ami.fr\/wp-content\/uploads\/2025\/03\/space-8684249_1920-150x150.png 150w, https:\/\/mon-bon-ami.fr\/wp-content\/uploads\/2025\/03\/space-8684249_1920-768x768.png 768w, https:\/\/mon-bon-ami.fr\/wp-content\/uploads\/2025\/03\/space-8684249_1920-1536x1536.png 1536w, https:\/\/mon-bon-ami.fr\/wp-content\/uploads\/2025\/03\/space-8684249_1920-1080x1080.png 1080w, https:\/\/mon-bon-ami.fr\/wp-content\/uploads\/2025\/03\/space-8684249_1920.png 1920w\" sizes=\"auto, (max-width: 1024px) 100vw, 1024px\" \/><\/figure>\n\n\n\n<div class=\"wp-block-group\"><div class=\"wp-block-group__inner-container is-layout-constrained wp-block-group-is-layout-constrained\">\n<p class=\"has-large-font-size\"><strong><em>Je suis :<\/em><\/strong><\/p>\n\n\n\n<ul class=\"wp-block-list\">\n<li><strong>S\u00e9bastien<\/strong>,<\/li>\n\n\n\n<li><strong>Herblaysien<\/strong>,<\/li>\n\n\n\n<li><strong>Serviable, gentil &amp; bienveillant<\/strong>,<\/li>\n\n\n\n<li><strong>Un curieux qui n&#8217;a jamais cess\u00e9 d&#8217;apprendre,<\/strong><\/li>\n\n\n\n<li><strong>Un \u00e9ternel \u00e9tudiant<\/strong>,<\/li>\n\n\n\n<li>Et peut-\u00eatre, perfectionniste&#8230;<\/li>\n<\/ul>\n\n\n\n<figure class=\"wp-block-image size-large is-resized\"><img decoding=\"async\" src=\"https:\/\/mon-bon-ami.fr\/wp-content\/uploads\/2025\/03\/cropped-cropped-AVATAR-Sebastien.png\" alt=\"\" style=\"width:130px;height:auto\"\/><\/figure>\n\n\n\n<p>Mon profil de personnalit\u00e9 MBTI est &#8220;<strong>Architecte de l&#8217;Univers<\/strong>&#8221; et &#8220;<strong>Logicien<\/strong>&#8221; dont les descriptifs courts sont respectivement:<\/p>\n\n\n\n<p><strong>&#8220;Penseur imaginatif et strat\u00e8ge, avec un plan pour tout&#8221;<\/strong><\/p>\n\n\n\n<figure class=\"wp-block-image size-large\"><img decoding=\"async\" src=\"https:\/\/mon-bon-ami.fr\/wp-content\/uploads\/2025\/09\/AVATAR-ARCHITECTE-DE-UNIVERS.jpg\" alt=\"\"\/><\/figure>\n\n\n\n<p><strong>&#8220;Inventeur innovateur, dot\u00e9 d&#8217;une soif inextinguible de connaissances&#8221;<\/strong>.<\/p>\n\n\n\n<figure class=\"wp-block-image size-full\"><img loading=\"lazy\" decoding=\"async\" width=\"867\" height=\"347\" src=\"https:\/\/mon-bon-ami.fr\/wp-content\/uploads\/2025\/09\/AVATAR-LOGICIENNE.jpg\" alt=\"\" class=\"wp-image-411\" srcset=\"https:\/\/mon-bon-ami.fr\/wp-content\/uploads\/2025\/09\/AVATAR-LOGICIENNE.jpg 867w, https:\/\/mon-bon-ami.fr\/wp-content\/uploads\/2025\/09\/AVATAR-LOGICIENNE-300x120.jpg 300w, https:\/\/mon-bon-ami.fr\/wp-content\/uploads\/2025\/09\/AVATAR-LOGICIENNE-768x307.jpg 768w\" sizes=\"auto, (max-width: 867px) 100vw, 867px\" \/><\/figure>\n<\/div><\/div>\n\n\n\n<div class=\"wp-block-group\"><div class=\"wp-block-group__inner-container is-layout-constrained wp-block-group-is-layout-constrained\">\n<p class=\"has-large-font-size\"><strong><em>Au d\u00e9part<\/em><\/strong>:<\/p>\n\n\n\n<p>J&#8217;ai suivi des <strong>\u00e9tudes scientifiques en math\u00e9matiques, physique-chimie et informatique<\/strong>&#8230;<\/p>\n\n\n\n<figure class=\"wp-block-image size-full\"><img loading=\"lazy\" decoding=\"async\" width=\"201\" height=\"200\" src=\"https:\/\/mon-bon-ami.fr\/wp-content\/uploads\/2025\/09\/AVATAR-Albert-EINSTEIN.jpg\" alt=\"\" class=\"wp-image-412\" srcset=\"https:\/\/mon-bon-ami.fr\/wp-content\/uploads\/2025\/09\/AVATAR-Albert-EINSTEIN.jpg 201w, https:\/\/mon-bon-ami.fr\/wp-content\/uploads\/2025\/09\/AVATAR-Albert-EINSTEIN-150x150.jpg 150w\" sizes=\"auto, (max-width: 201px) 100vw, 201px\" \/><\/figure>\n\n\n\n<p>Puis, j&#8217;ai continu\u00e9 par des <strong>\u00e9tudes d&#8217;astronomie et d&#8217;astrophysique<\/strong>&#8230;<\/p>\n\n\n\n<figure class=\"wp-block-image size-large\"><img loading=\"lazy\" decoding=\"async\" width=\"1024\" height=\"321\" src=\"https:\/\/mon-bon-ami.fr\/wp-content\/uploads\/2025\/03\/planet-958934_1920-1024x321.jpg\" alt=\"\" class=\"wp-image-121\" srcset=\"https:\/\/mon-bon-ami.fr\/wp-content\/uploads\/2025\/03\/planet-958934_1920-1024x321.jpg 1024w, https:\/\/mon-bon-ami.fr\/wp-content\/uploads\/2025\/03\/planet-958934_1920-300x94.jpg 300w, https:\/\/mon-bon-ami.fr\/wp-content\/uploads\/2025\/03\/planet-958934_1920-768x241.jpg 768w, https:\/\/mon-bon-ami.fr\/wp-content\/uploads\/2025\/03\/planet-958934_1920-1536x482.jpg 1536w, https:\/\/mon-bon-ami.fr\/wp-content\/uploads\/2025\/03\/planet-958934_1920.jpg 1920w\" sizes=\"auto, (max-width: 1024px) 100vw, 1024px\" \/><\/figure>\n\n\n\n<p>En parall\u00e8le, durant toute ma vie, mon p\u00e8re m&#8217;a <strong>appris \u00e0 tout construire ou r\u00e9parer de A \u00e0 Z<\/strong> (voiture, maisons, v\u00e9los, jardin, &#8230;)<\/p>\n\n\n\n<figure class=\"wp-block-image size-large is-resized\"><img loading=\"lazy\" decoding=\"async\" width=\"768\" height=\"1024\" src=\"https:\/\/mon-bon-ami.fr\/wp-content\/uploads\/2025\/03\/ai-generated-8420570_1920-1-768x1024.jpg\" alt=\"\" class=\"wp-image-152\" style=\"width:235px;height:auto\" srcset=\"https:\/\/mon-bon-ami.fr\/wp-content\/uploads\/2025\/03\/ai-generated-8420570_1920-1-768x1024.jpg 768w, https:\/\/mon-bon-ami.fr\/wp-content\/uploads\/2025\/03\/ai-generated-8420570_1920-1-225x300.jpg 225w, https:\/\/mon-bon-ami.fr\/wp-content\/uploads\/2025\/03\/ai-generated-8420570_1920-1-1152x1536.jpg 1152w, https:\/\/mon-bon-ami.fr\/wp-content\/uploads\/2025\/03\/ai-generated-8420570_1920-1-1024x1365.jpg 1024w, https:\/\/mon-bon-ami.fr\/wp-content\/uploads\/2025\/03\/ai-generated-8420570_1920-1-810x1080.jpg 810w, https:\/\/mon-bon-ami.fr\/wp-content\/uploads\/2025\/03\/ai-generated-8420570_1920-1.jpg 1440w\" sizes=\"auto, (max-width: 768px) 100vw, 768px\" \/><\/figure>\n\n\n\n<p>Puis, j&#8217;ai suivi des \u00e9tudes pour de devenir hypnoth\u00e9rapeute, et me suis orient\u00e9 vers l&#8217;<strong>hypno-coaching de vie et de travail, pour mieux comprendre et aider mes \u00e9l\u00e8ves<\/strong>.<\/p>\n\n\n\n<p>J&#8217;ai toujours maintenu et continu\u00e9 \u00e0 d\u00e9velopper tous mes savoirs, savoirs-faire et strat\u00e9gies de travail en les int\u00e9grant dans mes pratiques professionnelles vari\u00e9es, simultan\u00e9es ou successives, ann\u00e9es apr\u00e8s ann\u00e9es.<\/p>\n<\/div><\/div>\n\n\n\n<div class=\"wp-block-group\"><div class=\"wp-block-group__inner-container is-layout-constrained wp-block-group-is-layout-constrained\">\n<p class=\"has-large-font-size\"><strong><em>Quelques autres m\u00e9tiers que j&#8217;ai fait pendant ma vie:<\/em><\/strong><\/p>\n\n\n\n<ul class=\"wp-block-list\">\n<li>animateur scientifique,<\/li>\n\n\n\n<li>mod\u00e9ratur scientifique,<\/li>\n\n\n\n<li>conf\u00e9rencier en astronomie &amp; astrophysique,<\/li>\n\n\n\n<li>entrepreneur,<\/li>\n\n\n\n<li>praticien en hypnose \u00e9ricksonienne (th\u00e9rapeutique),<\/li>\n\n\n\n<li>coach de vie et de travail,<\/li>\n\n\n\n<li>fondateur, pr\u00e9sident, secr\u00e9taire et comptable d&#8217;associations.<\/li>\n<\/ul>\n<\/div><\/div>\n\n\n\n<p><\/p>\n","protected":false},"excerpt":{"rendered":"<p>Je suis : Mon profil de personnalit\u00e9 MBTI est &#8220;Architecte de l&#8217;Univers&#8221; et &#8220;Logicien&#8221; dont les descriptifs courts sont respectivement: &#8220;Penseur imaginatif et strat\u00e8ge, avec un plan pour tout&#8221; &#8220;Inventeur innovateur, dot\u00e9 d&#8217;une soif inextinguible de connaissances&#8221;. Au d\u00e9part: J&#8217;ai suivi des \u00e9tudes scientifiques en math\u00e9matiques, physique-chimie et informatique&#8230; Puis, j&#8217;ai continu\u00e9 par des \u00e9tudes&hellip; <br \/> <a class=\"read-more\" href=\"https:\/\/mon-bon-ami.fr\/?page_id=80\">Read more<\/a><\/p>\n","protected":false},"author":1,"featured_media":0,"parent":0,"menu_order":0,"comment_status":"closed","ping_status":"closed","template":"","meta":{"footnotes":""},"class_list":["post-80","page","type-page","status-publish","hentry"],"aioseo_notices":[],"_links":{"self":[{"href":"https:\/\/mon-bon-ami.fr\/index.php?rest_route=\/wp\/v2\/pages\/80","targetHints":{"allow":["GET"]}}],"collection":[{"href":"https:\/\/mon-bon-ami.fr\/index.php?rest_route=\/wp\/v2\/pages"}],"about":[{"href":"https:\/\/mon-bon-ami.fr\/index.php?rest_route=\/wp\/v2\/types\/page"}],"author":[{"embeddable":true,"href":"https:\/\/mon-bon-ami.fr\/index.php?rest_route=\/wp\/v2\/users\/1"}],"replies":[{"embeddable":true,"href":"https:\/\/mon-bon-ami.fr\/index.php?rest_route=%2Fwp%2Fv2%2Fcomments&post=80"}],"version-history":[{"count":17,"href":"https:\/\/mon-bon-ami.fr\/index.php?rest_route=\/wp\/v2\/pages\/80\/revisions"}],"predecessor-version":[{"id":438,"href":"https:\/\/mon-bon-ami.fr\/index.php?rest_route=\/wp\/v2\/pages\/80\/revisions\/438"}],"wp:attachment":[{"href":"https:\/\/mon-bon-ami.fr\/index.php?rest_route=%2Fwp%2Fv2%2Fmedia&parent=80"}],"curies":[{"name":"wp","href":"https:\/\/api.w.org\/{rel}","templated":true}]}}