{"id":78,"date":"2025-03-15T21:41:44","date_gmt":"2025-03-15T20:41:44","guid":{"rendered":"https:\/\/mon-bon-ami.fr\/?page_id=78"},"modified":"2026-01-07T17:00:52","modified_gmt":"2026-01-07T16:00:52","slug":"contact","status":"publish","type":"page","link":"https:\/\/mon-bon-ami.fr\/?page_id=78","title":{"rendered":"Contacts"},"content":{"rendered":"\n<p><\/p>\n\n\n\n<h2 class=\"wp-block-heading has-text-align-center\"><strong>Laissez-moi un vocal ou un texto au 06.29.05.22.70<\/strong><\/h2>\n\n\n\n<p class=\"has-text-align-center\"><em><strong>Nous pourrons nous voir et discuter.<\/strong><\/em><\/p>\n\n\n\n<p><strong>ATTENTION:<\/strong><\/p>\n\n\n\n<p>En effet, je me trouve souvent dans des quartiers d&#8217;Herblay o\u00f9 la r\u00e9ception n&#8217;est pas optimale, alors <strong>il vaut mieux<\/strong> m&#8217;envoyer un <strong>texto<\/strong> ou me laisser un <strong>vocal<\/strong>.<\/p>\n\n\n\n<p>Je les re\u00e7ois souvent mieux et plus rapidement que les messages vocaux sur mon r\u00e9pondeur.<\/p>\n\n\n\n<p>Je vous rappellerai d\u00e8s que j&#8217;aurai les mains libres&#8230;<\/p>\n\n\n<div class=\"wp-block-image\">\n<figure class=\"alignleft size-large is-resized\"><img loading=\"lazy\" decoding=\"async\" width=\"1024\" height=\"819\" src=\"https:\/\/mon-bon-ami.fr\/wp-content\/uploads\/2025\/03\/ai-generated-8722653_1920-1024x819.png\" alt=\"\" class=\"wp-image-146\" style=\"width:477px;height:auto\" srcset=\"https:\/\/mon-bon-ami.fr\/wp-content\/uploads\/2025\/03\/ai-generated-8722653_1920-1024x819.png 1024w, https:\/\/mon-bon-ami.fr\/wp-content\/uploads\/2025\/03\/ai-generated-8722653_1920-300x240.png 300w, https:\/\/mon-bon-ami.fr\/wp-content\/uploads\/2025\/03\/ai-generated-8722653_1920-768x614.png 768w, https:\/\/mon-bon-ami.fr\/wp-content\/uploads\/2025\/03\/ai-generated-8722653_1920-1536x1229.png 1536w, https:\/\/mon-bon-ami.fr\/wp-content\/uploads\/2025\/03\/ai-generated-8722653_1920-1350x1080.png 1350w, https:\/\/mon-bon-ami.fr\/wp-content\/uploads\/2025\/03\/ai-generated-8722653_1920.png 1920w\" sizes=\"auto, (max-width: 1024px) 100vw, 1024px\" \/><\/figure>\n<\/div>\n\n\n<p class=\"has-text-align-right\"><em>Je m&#8217;appelle <strong>S\u00e9bastien<\/strong>.<\/em><\/p>\n\n\n\n<p class=\"has-text-align-right\"><em>Je suis <strong>gentil<\/strong> et <strong>bienveillant<\/strong>.<\/em><\/p>\n\n\n\n<p class=\"has-text-align-right\"><em><strong>Nous sommes voisins<\/strong>.<\/em><\/p>\n\n\n\n<p class=\"has-text-align-right\"><em> J&#8217;habite dans le <strong>Quartier du Centre-Ville d&#8217;Herblay-Sur-Seine<\/strong>&#8230;<\/em><\/p>\n\n\n\n<p class=\"has-text-align-right\"><\/p>\n\n\n\n<p><\/p>\n","protected":false},"excerpt":{"rendered":"<p>Laissez-moi un vocal ou un texto au 06.29.05.22.70 Nous pourrons nous voir et discuter. ATTENTION: En effet, je me trouve souvent dans des quartiers d&#8217;Herblay o\u00f9 la r\u00e9ception n&#8217;est pas optimale, alors il vaut mieux m&#8217;envoyer un texto ou me laisser un vocal. Je les re\u00e7ois souvent mieux et plus rapidement que les messages vocaux&hellip; <br \/> <a class=\"read-more\" href=\"https:\/\/mon-bon-ami.fr\/?page_id=78\">Read more<\/a><\/p>\n","protected":false},"author":1,"featured_media":0,"parent":0,"menu_order":0,"comment_status":"closed","ping_status":"closed","template":"","meta":{"footnotes":""},"class_list":["post-78","page","type-page","status-publish","hentry"],"aioseo_notices":[],"_links":{"self":[{"href":"https:\/\/mon-bon-ami.fr\/index.php?rest_route=\/wp\/v2\/pages\/78","targetHints":{"allow":["GET"]}}],"collection":[{"href":"https:\/\/mon-bon-ami.fr\/index.php?rest_route=\/wp\/v2\/pages"}],"about":[{"href":"https:\/\/mon-bon-ami.fr\/index.php?rest_route=\/wp\/v2\/types\/page"}],"author":[{"embeddable":true,"href":"https:\/\/mon-bon-ami.fr\/index.php?rest_route=\/wp\/v2\/users\/1"}],"replies":[{"embeddable":true,"href":"https:\/\/mon-bon-ami.fr\/index.php?rest_route=%2Fwp%2Fv2%2Fcomments&post=78"}],"version-history":[{"count":20,"href":"https:\/\/mon-bon-ami.fr\/index.php?rest_route=\/wp\/v2\/pages\/78\/revisions"}],"predecessor-version":[{"id":533,"href":"https:\/\/mon-bon-ami.fr\/index.php?rest_route=\/wp\/v2\/pages\/78\/revisions\/533"}],"wp:attachment":[{"href":"https:\/\/mon-bon-ami.fr\/index.php?rest_route=%2Fwp%2Fv2%2Fmedia&parent=78"}],"curies":[{"name":"wp","href":"https:\/\/api.w.org\/{rel}","templated":true}]}}