{"id":443,"date":"2025-10-04T09:57:36","date_gmt":"2025-10-04T07:57:36","guid":{"rendered":"https:\/\/mon-bon-ami.fr\/?page_id=443"},"modified":"2026-01-07T16:55:00","modified_gmt":"2026-01-07T15:55:00","slug":"planning-des-mises-a-jour","status":"publish","type":"page","link":"https:\/\/mon-bon-ami.fr\/?page_id=443","title":{"rendered":"Planning des mises \u00e0 jour"},"content":{"rendered":"\n<p>Bonjour \u00e0 mes \u00e9l\u00e8ves et stagiaires.<\/p>\n\n\n\n<p>Etant un peu perfectionniste, je pr\u00e9f\u00e8re relire, am\u00e9liorer, ajuster la mise en forme et compl\u00e9ter chaque document avant sa mise en ligne. Les documents et formations ne seront donc pas mises en ligne aussi rapidemment que je le souhaitai et tel que je vous l&#8217;avais annonc\u00e9 en d\u00e9but d&#8217;ann\u00e9e.<\/p>\n\n\n\n<p>De plus, pour vous faciliter les choses, et que vous n&#8217;ayez pas \u00e0 v\u00e9rifier chaque jour les contenus de chaque page, je suivrai le planning des mises \u00e0 jours suivant.<\/p>\n\n\n\n<ul class=\"wp-block-list\">\n<li><strong>01\/09\/2025 au 31\/12\/2025 :<\/strong> Tri de tous mes documents \u00e0 mettre en ligne, \u00e9criture et mise en ligne de la <strong>nouvelle version des formations<\/strong> &#8220;Strat\u00e9gie de Travail&#8221; (pour que vous puissiez mettre en oeuvre une nouvelle m\u00e9thode de travail progressive, simple et tr\u00e8s efficace), &#8220;Les Cl\u00e9s des math\u00e9matiques&#8221;, &#8220;les Cl\u00e9s de la Physique-Chimie&#8221; ,&#8230;, de tous les documents de la <strong>bo\u00eete \u00e0 outils de coaching<\/strong>, et, derni\u00e8res <strong>am\u00e9liorations des pages<\/strong> du site.<\/li>\n\n\n\n<li><strong>01\/01\/2026 au 01\/03\/2026 :<\/strong> Mise \u00e0 jour de la toute nouvelle &#8220;<strong>Formation Strat\u00e9gie de Travail<\/strong>&#8220;, et, t\u00e9l\u00e9versement des <strong>premi\u00e8res fiches de synth\u00e8se de Math\u00e9matiques de tous les niveaux<\/strong>.<\/li>\n\n\n\n<li><strong>01\/03\/2026 au 01\/04\/2026 :<\/strong> <strong>Toutes les fiches de synth\u00e8se<\/strong> seront en ligne pour tous les niveaux, en math\u00e9matiques.<\/li>\n\n\n\n<li><strong>A partir du 01\/04\/2026 :<\/strong> Mise en ligne des <strong>Cartes Mentales<\/strong> (CM), <strong>Fiches de Cours<\/strong> (FC), et, <strong>Fiches M\u00e9thodes<\/strong> (FM) <strong>d\u00e9taill\u00e9es de chaque chapitre<\/strong>. Je proc\u00e9derai, par domaine, et, dans l&#8217;ordre suivant :<\/li>\n<\/ul>\n\n\n\n<p>0 &#8211; <strong>Logique &amp; raisonnements math\u00e9matiques<\/strong><\/p>\n\n\n\n<p>1 &#8211; <strong>Arithm\u00e9tique<\/strong> &#8211; L&#8217;arithm\u00e9tique est&nbsp;<strong>une branche des math\u00e9matiques qui \u00e9tudie les propri\u00e9t\u00e9s et les r\u00e8gles de calcul entre les nombres<\/strong>. Elle traite, entre autres, des op\u00e9rations traditionnelles telles l&#8217;addition, la soustraction, la multiplication et la division.<\/p>\n\n\n\n<p>2 &#8211; <strong>G\u00e9om\u00e9trie<\/strong> &#8211; La g\u00e9om\u00e9trie est&nbsp;<strong>une branche essentielle des math\u00e9matiques qui permet d&#8217;\u00e9tudier les formes, les distances, les angles et les positions dans l&#8217;espace<\/strong>.<\/p>\n\n\n\n<p>3 &#8211; <strong>Analyse<\/strong> &#8211; L&#8217;analyse de fonctions est <strong>une branche importante des math\u00e9matiques qui permet l&#8217;\u00e9tude compl\u00e8te des fonctions<\/strong>.<\/p>\n\n\n\n<p>4 &#8211; <strong>Probabilit\u00e9<\/strong> &#8211; Les probabilit\u00e9s sont&nbsp;<strong>la branche des math\u00e9matiques qui calcule la probabilit\u00e9 d&#8217;un \u00e9v\u00e9nement, c&#8217;est-\u00e0-dire la fr\u00e9quence d&#8217;un \u00e9v\u00e9nement par rapport \u00e0 l&#8217;ensemble des cas possibles<\/strong>. Cette branche des math\u00e9matiques est n\u00e9e des jeux du hasard, plus pr\u00e9cis\u00e9ment du d\u00e9sir de pr\u00e9voir l&#8217;impr\u00e9visible ou de quantifier l&#8217;incertain.<\/p>\n\n\n\n<p>5 &#8211; <strong>Statistiques<\/strong> &#8211; La statistique est la&nbsp;<strong>branche des math\u00e9matiques qui consiste \u00e0 recueillir des donn\u00e9es, puis \u00e0 les analyser afin d&#8217;\u00e9tablir des hypoth\u00e8ses utilis\u00e9es pour pr\u00e9dire des \u00e9v\u00e8nements<\/strong>.<\/p>\n\n\n\n<p>6 &#8211; <strong>Alg\u00e8bre<\/strong> &#8211; L\u2019alg\u00e8bre <strong>\u00e9tudie les structures et les relations entre objets math\u00e9matiques<\/strong>.<\/p>\n\n\n\n<p>7 &#8211; <strong>Topologie<\/strong> &#8211; La topologie est&nbsp;<strong>une branche de la g\u00e9om\u00e9trie<\/strong>. Elle se divise elle-m\u00eame en plusieurs branches : La topologie g\u00e9n\u00e9rale fournit un vocabulaire et un cadre g\u00e9n\u00e9ral \u2014 une d\u00e9finition axiomatique avec des ensembles \u2014 pour traiter des notions de limite, de continuit\u00e9, et de voisinage.<\/p>\n\n\n\n<p>Evidemment, je pourrai modifier ponctuellement ce planning pour mettre en ligne un document urgent qui ne serait pas \u00e0 l&#8217;ordre du jour, si vous me le demandez.<\/p>\n\n\n\n<p>Enfin, <strong>le rythme des mises \u00e0 jour reste inchang\u00e9<\/strong> :<\/p>\n\n\n\n<ul class=\"wp-block-list\">\n<li>un <strong>document<\/strong> mis en ligne <strong>chaque jour<\/strong>,<\/li>\n\n\n\n<li>ou bien, pour la cr\u00e9ation de <strong>nouveaux documents<\/strong>, <strong>un tous les trois jours<\/strong>.<\/li>\n<\/ul>\n\n\n\n<p><strong><em>P.S. : Les autres mati\u00e8res (Informatique, Physique-Chimie) seront mises en ligne ponctuellement et occasionnellement, tout au long de l&#8217;ann\u00e9e.<\/em><\/strong><\/p>\n\n\n\n<p><\/p>\n","protected":false},"excerpt":{"rendered":"<p>Bonjour \u00e0 mes \u00e9l\u00e8ves et stagiaires. Etant un peu perfectionniste, je pr\u00e9f\u00e8re relire, am\u00e9liorer, ajuster la mise en forme et compl\u00e9ter chaque document avant sa mise en ligne. Les documents et formations ne seront donc pas mises en ligne aussi rapidemment que je le souhaitai et tel que je vous l&#8217;avais annonc\u00e9 en d\u00e9but d&#8217;ann\u00e9e.&hellip; <br \/> <a class=\"read-more\" href=\"https:\/\/mon-bon-ami.fr\/?page_id=443\">Read more<\/a><\/p>\n","protected":false},"author":1,"featured_media":0,"parent":0,"menu_order":0,"comment_status":"closed","ping_status":"closed","template":"","meta":{"footnotes":""},"class_list":["post-443","page","type-page","status-publish","hentry"],"aioseo_notices":[],"_links":{"self":[{"href":"https:\/\/mon-bon-ami.fr\/index.php?rest_route=\/wp\/v2\/pages\/443","targetHints":{"allow":["GET"]}}],"collection":[{"href":"https:\/\/mon-bon-ami.fr\/index.php?rest_route=\/wp\/v2\/pages"}],"about":[{"href":"https:\/\/mon-bon-ami.fr\/index.php?rest_route=\/wp\/v2\/types\/page"}],"author":[{"embeddable":true,"href":"https:\/\/mon-bon-ami.fr\/index.php?rest_route=\/wp\/v2\/users\/1"}],"replies":[{"embeddable":true,"href":"https:\/\/mon-bon-ami.fr\/index.php?rest_route=%2Fwp%2Fv2%2Fcomments&post=443"}],"version-history":[{"count":11,"href":"https:\/\/mon-bon-ami.fr\/index.php?rest_route=\/wp\/v2\/pages\/443\/revisions"}],"predecessor-version":[{"id":530,"href":"https:\/\/mon-bon-ami.fr\/index.php?rest_route=\/wp\/v2\/pages\/443\/revisions\/530"}],"wp:attachment":[{"href":"https:\/\/mon-bon-ami.fr\/index.php?rest_route=%2Fwp%2Fv2%2Fmedia&parent=443"}],"curies":[{"name":"wp","href":"https:\/\/api.w.org\/{rel}","templated":true}]}}