{"id":386,"date":"2025-09-21T13:37:57","date_gmt":"2025-09-21T11:37:57","guid":{"rendered":"https:\/\/mon-bon-ami.fr\/?page_id=386"},"modified":"2025-09-21T13:37:58","modified_gmt":"2025-09-21T11:37:58","slug":"page-personnelle-benjamin","status":"publish","type":"page","link":"https:\/\/mon-bon-ami.fr\/?page_id=386","title":{"rendered":"Page personnelle &#8211; Benjamin"},"content":{"rendered":"<div class=\"passster-form\" id=\"ps-408\">\n    <form class=\"password-form\" method=\"post\" autocomplete=\"off\" target=\"_top\">\n        <span class=\"ps-form-headline\">Page prot\u00e9g\u00e9e<\/span>\n        <div class=\"ps-form-instructions-wrap\">Cette page est prot\u00e9g\u00e9e par mot de passe. Veuillez saisir votre mot de passe pour d\u00e9verrouiller le contenu...<\/div>\n        <fieldset>\n            <span class=\"ps-loader\" style=\"display:none;\"><img decoding=\"async\" src=\"https:\/\/mon-bon-ami.fr\/wp-content\/plugins\/content-protector\/assets\/public\/ps-loader.svg\" alt=\"\" \/><\/span>\n            <label for=\"input-ps-408\" style=\"display:none;\" class=\"passster-hidden\">Enter your password<\/label>\n            <input placeholder=\"Entrez votre mot de passe...\" type=\"password\" tabindex=\"1\" name=\"passster_password\"\n                   id=\"input-ps-408\" class=\"passster-password\" autocomplete=\"off\"\n                   data-protection-type=\"password\" data-list=\"[PASSSTER_LIST]\" data-lists=\"[PASSSTER_LISTS]\" data-area=\"[PASSSTER_AREA]\"\n                   data-protection=\"full\">\n            \n            <button name=\"submit\" type=\"submit\" class=\"passster-submit\" data-psid=\"ps-408\" data-post-id=\"386\" data-term-id=\"0\" \n                    data-submit=\"...Checking Password\" data-redirect=\"\">D\u00e9verrouiller\n            <\/button>\n            <div class=\"passster-error\"><\/div>\n        <\/fieldset>\n    <\/form>\n<\/div>\n","protected":false},"excerpt":{"rendered":"<div class=\"passster-form\" id=\"ps-408\">\n<form class=\"password-form\" method=\"post\" autocomplete=\"off\" target=\"_top\">\n        <span class=\"ps-form-headline\">Page prot\u00e9g\u00e9e<\/span><\/p>\n<div class=\"ps-form-instructions-wrap\">Cette page est prot\u00e9g\u00e9e par mot de passe. Veuillez saisir votre mot de passe pour d\u00e9verrouiller le contenu&#8230;<\/div>\n<fieldset>\n            <span class=\"ps-loader\" style=\"display:none;\"><img decoding=\"async\" src=\"https:\/\/mon-bon-ami.fr\/wp-content\/plugins\/content-protector\/assets\/public\/ps-loader.svg\" alt=\"\" \/><\/span><br \/>\n            <label for=\"input-ps-408\" style=\"display:none;\" class=\"passster-hidden\">Enter your password<\/label><br \/>\n            <input placeholder=\"Entrez votre mot de passe...\" type=\"password\" tabindex=\"1\" name=\"passster_password\"\n                   id=\"input-ps-408\" class=\"passster-password\" autocomplete=\"off\"\n                   data-protection-type=\"password\" data-list=\"[PASSSTER_LIST]\" data-lists=\"[PASSSTER_LISTS]\" data-area=\"[PASSSTER_AREA]\"\n                   data-protection=\"full\"><\/p>\n<p>            <button name=\"submit\" type=\"submit\" class=\"passster-submit\" data-psid=\"ps-408\" data-post-id=\"386\" data-term-id=\"0\" \n                    data-submit=\"...Checking Password\" data-redirect=\"\">D\u00e9verrouiller<br \/>\n            <\/button><\/p>\n<div class=\"passster-error\"><\/div>\n<\/fieldset><\/form>\n<\/div>\n","protected":false},"author":1,"featured_media":0,"parent":0,"menu_order":0,"comment_status":"closed","ping_status":"closed","template":"","meta":{"footnotes":""},"class_list":["post-386","page","type-page","status-publish","hentry"],"aioseo_notices":[],"_links":{"self":[{"href":"https:\/\/mon-bon-ami.fr\/index.php?rest_route=\/wp\/v2\/pages\/386","targetHints":{"allow":["GET"]}}],"collection":[{"href":"https:\/\/mon-bon-ami.fr\/index.php?rest_route=\/wp\/v2\/pages"}],"about":[{"href":"https:\/\/mon-bon-ami.fr\/index.php?rest_route=\/wp\/v2\/types\/page"}],"author":[{"embeddable":true,"href":"https:\/\/mon-bon-ami.fr\/index.php?rest_route=\/wp\/v2\/users\/1"}],"replies":[{"embeddable":true,"href":"https:\/\/mon-bon-ami.fr\/index.php?rest_route=%2Fwp%2Fv2%2Fcomments&post=386"}],"version-history":[{"count":1,"href":"https:\/\/mon-bon-ami.fr\/index.php?rest_route=\/wp\/v2\/pages\/386\/revisions"}],"predecessor-version":[{"id":387,"href":"https:\/\/mon-bon-ami.fr\/index.php?rest_route=\/wp\/v2\/pages\/386\/revisions\/387"}],"wp:attachment":[{"href":"https:\/\/mon-bon-ami.fr\/index.php?rest_route=%2Fwp%2Fv2%2Fmedia&parent=386"}],"curies":[{"name":"wp","href":"https:\/\/api.w.org\/{rel}","templated":true}]}}