{"id":36,"date":"2025-03-08T20:21:22","date_gmt":"2025-03-08T19:21:22","guid":{"rendered":"https:\/\/mon-bon-ami.fr\/?page_id=36"},"modified":"2025-09-21T23:36:06","modified_gmt":"2025-09-21T21:36:06","slug":"hypno-coaching","status":"publish","type":"page","link":"https:\/\/mon-bon-ami.fr\/?page_id=36","title":{"rendered":"D\u00e9veloppements personnels"},"content":{"rendered":"\n<figure class=\"wp-block-image size-large\"><img loading=\"lazy\" decoding=\"async\" width=\"1024\" height=\"576\" src=\"https:\/\/mon-bon-ami.fr\/wp-content\/uploads\/2025\/03\/ai-generated-8764072_1920-1024x576.jpg\" alt=\"\" class=\"wp-image-143\" srcset=\"https:\/\/mon-bon-ami.fr\/wp-content\/uploads\/2025\/03\/ai-generated-8764072_1920-1024x576.jpg 1024w, https:\/\/mon-bon-ami.fr\/wp-content\/uploads\/2025\/03\/ai-generated-8764072_1920-300x169.jpg 300w, https:\/\/mon-bon-ami.fr\/wp-content\/uploads\/2025\/03\/ai-generated-8764072_1920-768x432.jpg 768w, https:\/\/mon-bon-ami.fr\/wp-content\/uploads\/2025\/03\/ai-generated-8764072_1920-1536x864.jpg 1536w, https:\/\/mon-bon-ami.fr\/wp-content\/uploads\/2025\/03\/ai-generated-8764072_1920.jpg 1920w\" sizes=\"auto, (max-width: 1024px) 100vw, 1024px\" \/><\/figure>\n\n\n\n<p><a href=\"https:\/\/mon-bon-ami.fr\/?page_id=418\" target=\"_blank\" rel=\"noopener nofollow\" title=\"\">Acc\u00e9der \u00e0 la bo\u00eete \u00e0 outils de coaching<\/a><\/p>\n\n\n\n<p><\/p>\n","protected":false},"excerpt":{"rendered":"<p>Acc\u00e9der \u00e0 la bo\u00eete \u00e0 outils de coaching<\/p>\n","protected":false},"author":1,"featured_media":0,"parent":0,"menu_order":0,"comment_status":"closed","ping_status":"closed","template":"","meta":{"footnotes":""},"class_list":["post-36","page","type-page","status-publish","hentry"],"aioseo_notices":[],"_links":{"self":[{"href":"https:\/\/mon-bon-ami.fr\/index.php?rest_route=\/wp\/v2\/pages\/36","targetHints":{"allow":["GET"]}}],"collection":[{"href":"https:\/\/mon-bon-ami.fr\/index.php?rest_route=\/wp\/v2\/pages"}],"about":[{"href":"https:\/\/mon-bon-ami.fr\/index.php?rest_route=\/wp\/v2\/types\/page"}],"author":[{"embeddable":true,"href":"https:\/\/mon-bon-ami.fr\/index.php?rest_route=\/wp\/v2\/users\/1"}],"replies":[{"embeddable":true,"href":"https:\/\/mon-bon-ami.fr\/index.php?rest_route=%2Fwp%2Fv2%2Fcomments&post=36"}],"version-history":[{"count":7,"href":"https:\/\/mon-bon-ami.fr\/index.php?rest_route=\/wp\/v2\/pages\/36\/revisions"}],"predecessor-version":[{"id":421,"href":"https:\/\/mon-bon-ami.fr\/index.php?rest_route=\/wp\/v2\/pages\/36\/revisions\/421"}],"wp:attachment":[{"href":"https:\/\/mon-bon-ami.fr\/index.php?rest_route=%2Fwp%2Fv2%2Fmedia&parent=36"}],"curies":[{"name":"wp","href":"https:\/\/api.w.org\/{rel}","templated":true}]}}