{"id":34,"date":"2025-03-08T20:20:54","date_gmt":"2025-03-08T19:20:54","guid":{"rendered":"https:\/\/mon-bon-ami.fr\/?page_id=34"},"modified":"2025-11-08T18:45:09","modified_gmt":"2025-11-08T17:45:09","slug":"formations","status":"publish","type":"page","link":"https:\/\/mon-bon-ami.fr\/?page_id=34","title":{"rendered":"Formations"},"content":{"rendered":"\n<p><a href=\"https:\/\/zoom.us\/fr\/join\" target=\"_blank\" rel=\"noopener nofollow\" title=\"\">Acc\u00e8s aux R\u00e9unions Zoom<\/a><\/p>\n\n\n\n<figure class=\"wp-block-image size-large\"><img loading=\"lazy\" decoding=\"async\" width=\"1024\" height=\"1024\" src=\"https:\/\/mon-bon-ami.fr\/wp-content\/uploads\/2025\/03\/ai-generated-8885890_1920-1024x1024.jpg\" alt=\"\" class=\"wp-image-117\" srcset=\"https:\/\/mon-bon-ami.fr\/wp-content\/uploads\/2025\/03\/ai-generated-8885890_1920-1024x1024.jpg 1024w, https:\/\/mon-bon-ami.fr\/wp-content\/uploads\/2025\/03\/ai-generated-8885890_1920-300x300.jpg 300w, https:\/\/mon-bon-ami.fr\/wp-content\/uploads\/2025\/03\/ai-generated-8885890_1920-150x150.jpg 150w, https:\/\/mon-bon-ami.fr\/wp-content\/uploads\/2025\/03\/ai-generated-8885890_1920-768x768.jpg 768w, https:\/\/mon-bon-ami.fr\/wp-content\/uploads\/2025\/03\/ai-generated-8885890_1920-1536x1536.jpg 1536w, https:\/\/mon-bon-ami.fr\/wp-content\/uploads\/2025\/03\/ai-generated-8885890_1920-1080x1080.jpg 1080w, https:\/\/mon-bon-ami.fr\/wp-content\/uploads\/2025\/03\/ai-generated-8885890_1920.jpg 1920w\" sizes=\"auto, (max-width: 1024px) 100vw, 1024px\" \/><\/figure>\n\n\n\n<p><a href=\"https:\/\/mon-bon-ami.fr\/?page_id=443\" target=\"_blank\" rel=\"noopener\" title=\"\"><strong>ACCEDER AU PLANNING DES MISES A JOUR DES DOCUMENTS DU SITE<\/strong><\/a><\/p>\n\n\n\n<p><strong>Je propose \u00e0 tous des formations compl\u00e8tes (sous r\u00e9serve d&#8217;avoir suffisamment d&#8217;inscrits) :<\/strong><\/p>\n\n\n\n<ul class=\"wp-block-list\">\n<li><a href=\"https:\/\/mon-bon-ami.fr\/?page_id=285\" target=\"_blank\" rel=\"noopener nofollow\" title=\"\">Formation m\u00e9thodologie &amp; strat\u00e9gie de travail: comment devenir aussi fort que l&#8217;on veut \u00e0 l&#8217;\u00e9cole ?<\/a><\/li>\n\n\n\n<li><a href=\"https:\/\/mon-bon-ami.fr\/?page_id=347\" target=\"_blank\" rel=\"noopener nofollow\" title=\"\">Comment devenir tr\u00e8s fort en Math\u00e9matiques ? &gt; Les cl\u00e9s pour \u00eatre tr\u00e8s fort en math\u00e9matiques.<\/a><\/li>\n\n\n\n<li><a href=\"https:\/\/mon-bon-ami.fr\/?page_id=503\" target=\"_blank\" rel=\"noopener nofollow\" title=\"\">Comment devenir tr\u00e8s fort en Physique-Chimie ? > Les cl\u00e9s pour \u00eatre tr\u00e8s fort en Physique-Chimie.<\/a><\/li>\n\n\n\n<li>Comment devenir tr\u00e8s fort en Sciences de la Vie &amp; de la Terre ? &gt; Les cl\u00e9s pour \u00eatre tr\u00e8s fort en SVT.<\/li>\n\n\n\n<li>Comment devenir tr\u00e8s fort en mati\u00e8res litt\u00e9raires (dont la Philosophie) ? &gt; Les cl\u00e9s pour \u00eatre tr\u00e8s fort en mati\u00e8res litt\u00e9raires, mati\u00e8re par mati\u00e8re<\/li>\n\n\n\n<li>Formation \u00e0 l&#8217;informatique : comment utiliser un ordinateur, un t\u00e9l\u00e9phone ou une tablette ?<\/li>\n\n\n\n<li>Formation \u00e0 la programmation informatique : apprenez \u00e0 programmer de A \u00e0 Z (en Scratch, en Python, en VBA Excel, &#8230;)<\/li>\n\n\n\n<li>Formations au d\u00e9veloppement Web avec WordPress : comment cr\u00e9er et entretenir un site web ?<\/li>\n\n\n\n<li>Formations compl\u00e8tes au d\u00e9veloppement web moderne : HTML, CSS, Javascript, &#8230;<\/li>\n\n\n\n<li>Formation : comment \u00eatre bien organiser dans sa vie ou dans son travail, et, atteindre ses objectifs personnels ?<\/li>\n<\/ul>\n\n\n\n<p><strong>P\u00e9riodes d&#8217;inscription :<\/strong><\/p>\n\n\n\n<p>&gt;Prendre contact avec moi entre les mois de Juin et d&#8217;Octobre de chaque ann\u00e9e.<\/p>\n","protected":false},"excerpt":{"rendered":"<p>Acc\u00e8s aux R\u00e9unions Zoom ACCEDER AU PLANNING DES MISES A JOUR DES DOCUMENTS DU SITE Je propose \u00e0 tous des formations compl\u00e8tes (sous r\u00e9serve d&#8217;avoir suffisamment d&#8217;inscrits) : P\u00e9riodes d&#8217;inscription : &gt;Prendre contact avec moi entre les mois de Juin et d&#8217;Octobre de chaque ann\u00e9e.<\/p>\n","protected":false},"author":1,"featured_media":0,"parent":0,"menu_order":0,"comment_status":"closed","ping_status":"closed","template":"","meta":{"footnotes":""},"class_list":["post-34","page","type-page","status-publish","hentry"],"aioseo_notices":[],"_links":{"self":[{"href":"https:\/\/mon-bon-ami.fr\/index.php?rest_route=\/wp\/v2\/pages\/34","targetHints":{"allow":["GET"]}}],"collection":[{"href":"https:\/\/mon-bon-ami.fr\/index.php?rest_route=\/wp\/v2\/pages"}],"about":[{"href":"https:\/\/mon-bon-ami.fr\/index.php?rest_route=\/wp\/v2\/types\/page"}],"author":[{"embeddable":true,"href":"https:\/\/mon-bon-ami.fr\/index.php?rest_route=\/wp\/v2\/users\/1"}],"replies":[{"embeddable":true,"href":"https:\/\/mon-bon-ami.fr\/index.php?rest_route=%2Fwp%2Fv2%2Fcomments&post=34"}],"version-history":[{"count":15,"href":"https:\/\/mon-bon-ami.fr\/index.php?rest_route=\/wp\/v2\/pages\/34\/revisions"}],"predecessor-version":[{"id":505,"href":"https:\/\/mon-bon-ami.fr\/index.php?rest_route=\/wp\/v2\/pages\/34\/revisions\/505"}],"wp:attachment":[{"href":"https:\/\/mon-bon-ami.fr\/index.php?rest_route=%2Fwp%2Fv2%2Fmedia&parent=34"}],"curies":[{"name":"wp","href":"https:\/\/api.w.org\/{rel}","templated":true}]}}