{"id":30,"date":"2025-03-08T20:19:21","date_gmt":"2025-03-08T19:19:21","guid":{"rendered":"https:\/\/mon-bon-ami.fr\/?page_id=30"},"modified":"2025-11-08T18:48:17","modified_gmt":"2025-11-08T17:48:17","slug":"cours-particuliers","status":"publish","type":"page","link":"https:\/\/mon-bon-ami.fr\/?page_id=30","title":{"rendered":"Cours Particuliers"},"content":{"rendered":"\n<p><a href=\"https:\/\/zoom.us\/fr\/join\" target=\"_blank\" rel=\"noopener nofollow\" title=\"\">Acc\u00e8s aux Visiocours par Zoom<\/a><\/p>\n\n\n<div class=\"wp-block-image\">\n<figure class=\"aligncenter size-large is-resized\"><img loading=\"lazy\" decoding=\"async\" width=\"1024\" height=\"754\" src=\"https:\/\/mon-bon-ami.fr\/wp-content\/uploads\/2025\/03\/child-8560775_1920-1024x754.jpg\" alt=\"\" class=\"wp-image-110\" style=\"width:534px;height:auto\" srcset=\"https:\/\/mon-bon-ami.fr\/wp-content\/uploads\/2025\/03\/child-8560775_1920-1024x754.jpg 1024w, https:\/\/mon-bon-ami.fr\/wp-content\/uploads\/2025\/03\/child-8560775_1920-300x221.jpg 300w, https:\/\/mon-bon-ami.fr\/wp-content\/uploads\/2025\/03\/child-8560775_1920-768x565.jpg 768w, https:\/\/mon-bon-ami.fr\/wp-content\/uploads\/2025\/03\/child-8560775_1920-1536x1130.jpg 1536w, https:\/\/mon-bon-ami.fr\/wp-content\/uploads\/2025\/03\/child-8560775_1920-1468x1080.jpg 1468w, https:\/\/mon-bon-ami.fr\/wp-content\/uploads\/2025\/03\/child-8560775_1920.jpg 1920w\" sizes=\"auto, (max-width: 1024px) 100vw, 1024px\" \/><\/figure>\n<\/div>\n\n\n<p><a href=\"https:\/\/mon-bon-ami.fr\/?page_id=443\" target=\"_blank\" rel=\"noopener\" title=\"\"><strong>ACCEDER AU PLANNING DES MISES A JOUR DES DOCUMENTS DU SITE<\/strong><\/a><\/p>\n\n\n\n<p><strong>Je donne des cours particuliers en Math\u00e9matiques de tous les niveaux jusqu&#8217;\u00e0 Bac+3:<\/strong><\/p>\n\n\n\n<ul class=\"wp-block-list\">\n<li><a href=\"https:\/\/mon-bon-ami.fr\/?page_id=335\" target=\"_blank\" rel=\"noopener nofollow\" title=\"\">Acc\u00e9der aux Ressources de Math\u00e9matiques &#8211; Niveau Ecole Primaire<\/a><\/li>\n<\/ul>\n\n\n\n<ul class=\"wp-block-list\">\n<li><a href=\"https:\/\/mon-bon-ami.fr\/?page_id=274\" target=\"_blank\" rel=\"noopener nofollow\" title=\"Acc\u00e9dez aux cours de S\u00e9bastien\">Acc\u00e9der aux Ressources de Math\u00e9matiques &#8211; Niveau Coll\u00e8ge<\/a><\/li>\n<\/ul>\n\n\n\n<ul class=\"wp-block-list\">\n<li><a href=\"https:\/\/mon-bon-ami.fr\/?page_id=280\" target=\"_blank\" rel=\"noopener nofollow\" title=\"\">Acc\u00e9der aux Ressources de Math\u00e9matiques &#8211; Niveau Lyc\u00e9e<\/a><\/li>\n<\/ul>\n\n\n\n<ul class=\"wp-block-list\">\n<li><a href=\"https:\/\/mon-bon-ami.fr\/?page_id=427\" target=\"_blank\" rel=\"noopener nofollow\" title=\"\">Acc\u00e9der aux Ressources de Math\u00e9matiques &#8211; Niveau Sup\u00e9rieur<\/a><\/li>\n<\/ul>\n\n\n\n<p><strong>Je donne des cours particuliers en Physique-Chimie de tous niveaux jusqu&#8217;\u00e0 Bac+3:<\/strong><\/p>\n\n\n\n<ul class=\"wp-block-list\">\n<li><a href=\"https:\/\/mon-bon-ami.fr\/?page_id=506\" target=\"_blank\" rel=\"noopener nofollow\" title=\"\">Acc\u00e9der aux Ressources de Physique-Chimie &#8211; Niveau Coll\u00e8ge<\/a><\/li>\n<\/ul>\n\n\n\n<ul class=\"wp-block-list\">\n<li>Acc\u00e9der aux Ressources de Physique-Chimie &#8211; Niveau Lyc\u00e9e<\/li>\n<\/ul>\n\n\n\n<ul class=\"wp-block-list\">\n<li>Acc\u00e9der aux Ressources de Physique-Chimie &#8211; Niveau Sup\u00e9rieur<\/li>\n<\/ul>\n\n\n\n<p><strong>Je donne des cours particuliers en Informatiques de tous niveaux jusqu&#8217;\u00e0 Bac+3:<\/strong><\/p>\n\n\n\n<ul class=\"wp-block-list\">\n<li><a href=\"https:\/\/mon-bon-ami.fr\/?page_id=429\" target=\"_blank\" rel=\"noopener nofollow\" title=\"\">Ressources &#8211; Scratch<\/a><\/li>\n\n\n\n<li><a href=\"https:\/\/mon-bon-ami.fr\/?page_id=432\" target=\"_blank\" rel=\"noopener nofollow\" title=\"\">Ressources &#8211; Langage Python<\/a><\/li>\n\n\n\n<li>Ressources &#8211; Langage Visual Basic for Applications (VBA) : EXCEL, WORD, ACCESS, &#8230;<\/li>\n\n\n\n<li>Ressources &#8211; D\u00e9velopper, entretenir ou am\u00e9liorer un site web WORDPRESS<\/li>\n\n\n\n<li>Ressources &#8211; Aller plus loin sous WORDPRESS avec PHP<\/li>\n\n\n\n<li>Ressources &#8211; D\u00e9veloppement Web moderne &#8211; FRONT END : HTML, CSS, JAVASCRIPT, &#8230;<\/li>\n\n\n\n<li>Ressources &#8211; D\u00e9veloppement Web moderne &#8211; BACH END : JAVASCRIPT, NODE.JS, &#8230;<\/li>\n\n\n\n<li>Ressources &#8211; D\u00e9veloppement d&#8217;Applications Mobiles<\/li>\n<\/ul>\n\n\n\n<p><strong>Je peux aussi donner des cours particuliers d&#8217;Astronomie &amp; d&#8217;Astrophysique jusqu&#8217;\u00e0 Bac+3:<\/strong><\/p>\n\n\n\n<ul class=\"wp-block-list\">\n<li>Ressources d&#8217;Astronomie Pratique<\/li>\n\n\n\n<li>Ressources d&#8217;Astronomie Technique<\/li>\n\n\n\n<li>Ressource d&#8217;Astronomie &#8211; Cours Th\u00e9oriques<\/li>\n\n\n\n<li>Ressources d&#8217;Astrophysique<\/li>\n<\/ul>\n\n\n\n<p><\/p>\n","protected":false},"excerpt":{"rendered":"<p>Acc\u00e8s aux Visiocours par Zoom ACCEDER AU PLANNING DES MISES A JOUR DES DOCUMENTS DU SITE Je donne des cours particuliers en Math\u00e9matiques de tous les niveaux jusqu&#8217;\u00e0 Bac+3: Je donne des cours particuliers en Physique-Chimie de tous niveaux jusqu&#8217;\u00e0 Bac+3: Je donne des cours particuliers en Informatiques de tous niveaux jusqu&#8217;\u00e0 Bac+3: Je peux&hellip; <br \/> <a class=\"read-more\" href=\"https:\/\/mon-bon-ami.fr\/?page_id=30\">Read more<\/a><\/p>\n","protected":false},"author":1,"featured_media":0,"parent":0,"menu_order":0,"comment_status":"closed","ping_status":"closed","template":"","meta":{"footnotes":""},"class_list":["post-30","page","type-page","status-publish","hentry"],"aioseo_notices":[],"_links":{"self":[{"href":"https:\/\/mon-bon-ami.fr\/index.php?rest_route=\/wp\/v2\/pages\/30","targetHints":{"allow":["GET"]}}],"collection":[{"href":"https:\/\/mon-bon-ami.fr\/index.php?rest_route=\/wp\/v2\/pages"}],"about":[{"href":"https:\/\/mon-bon-ami.fr\/index.php?rest_route=\/wp\/v2\/types\/page"}],"author":[{"embeddable":true,"href":"https:\/\/mon-bon-ami.fr\/index.php?rest_route=\/wp\/v2\/users\/1"}],"replies":[{"embeddable":true,"href":"https:\/\/mon-bon-ami.fr\/index.php?rest_route=%2Fwp%2Fv2%2Fcomments&post=30"}],"version-history":[{"count":21,"href":"https:\/\/mon-bon-ami.fr\/index.php?rest_route=\/wp\/v2\/pages\/30\/revisions"}],"predecessor-version":[{"id":508,"href":"https:\/\/mon-bon-ami.fr\/index.php?rest_route=\/wp\/v2\/pages\/30\/revisions\/508"}],"wp:attachment":[{"href":"https:\/\/mon-bon-ami.fr\/index.php?rest_route=%2Fwp%2Fv2%2Fmedia&parent=30"}],"curies":[{"name":"wp","href":"https:\/\/api.w.org\/{rel}","templated":true}]}}