{"id":14,"date":"2025-02-01T15:17:10","date_gmt":"2025-02-01T14:17:10","guid":{"rendered":"https:\/\/mon-bon-ami.fr\/?page_id=14"},"modified":"2026-01-07T17:56:31","modified_gmt":"2026-01-07T16:56:31","slug":"bienvenue","status":"publish","type":"page","link":"https:\/\/mon-bon-ami.fr\/","title":{"rendered":"Bienvenue"},"content":{"rendered":"\n<p>Multiservices \u00e0 la personne d\u00e9clar\u00e9 (50% de r\u00e9duction d&#8217;imp\u00f4ts) :<\/p>\n\n\n\n<ul class=\"wp-block-list\">\n<li><strong>Soutien scolaire<\/strong> en math\u00e9matiques, physique-chimie et programmation informatique<\/li>\n\n\n\n<li><strong>Formations<\/strong> pour atteindre et d\u00e9passer tous vos objectifs scolaires facilement (incluant un accompagnement \u00e0 l&#8217;ann\u00e9e par un coach de vie &amp; de travail)<\/li>\n\n\n\n<li><strong>D\u00e9veloppement personnel<\/strong> par hypno-coaching : r\u00e9parer et am\u00e9liorer les gens<\/li>\n\n\n\n<li><strong>Initiations<\/strong> \u00e0 l&#8217;astronomie &amp; \u00e0 l&#8217;astrophysique (au printemps et en \u00e9t\u00e9)<\/li>\n\n\n\n<li><strong>Bricolage, jardinage et petits travaux<\/strong> \u00e0 domicile<\/li>\n<\/ul>\n\n\n\n<p class=\"has-text-align-center has-medium-font-size\"><strong>Si vous habitez \u00e0 Herblay-Sur-Seine,<\/strong><\/p>\n\n\n\n<p class=\"has-text-align-center has-medium-font-size\"><strong>S\u00e9bastien peut mettre toutes ses comp\u00e9tences \u00e0 votre service, et \u00eatre, pour vous, d&#8217;une bonne aide<\/strong> :<\/p>\n\n\n\n<p><strong>Bricolage de la maison et du jardin<\/strong> :<\/p>\n\n\n\n<ul class=\"wp-block-list\">\n<li><em>Menuiserie,<\/em><\/li>\n\n\n\n<li><em>Ma\u00e7onnerie,<\/em><\/li>\n\n\n\n<li><em>Electricit\u00e9,<\/em><\/li>\n\n\n\n<li><em>Chauffage,<\/em><\/li>\n\n\n\n<li><em>Plomberie,<\/em><\/li>\n\n\n\n<li><em>Serrurerie,<\/em><\/li>\n\n\n\n<li><em>Peinture,<\/em><\/li>\n\n\n\n<li><em>Soudures et brasures,<\/em><\/li>\n\n\n\n<li><em>R\u00e9paration ou pose de carrelage,<\/em><\/li>\n\n\n\n<li><em>Changement d&#8217;un carreau ou d&#8217;une vitre,<\/em><\/li>\n\n\n\n<li><em>Changement des joints de salle de bain,<\/em><\/li>\n\n\n\n<li><em>R\u00e9seau de communication,<\/em><\/li>\n\n\n\n<li><em>Domotique,<\/em><\/li>\n\n\n\n<li><em>Entretiens des \u00e9quipements domestiques (VMC, Lave-linge, Lave-vaisselle, chaudi\u00e8re, chauffe-eau, radiateurs, &#8230;),<\/em><\/li>\n\n\n\n<li><em>R\u00e9parations diverses,<\/em><\/li>\n\n\n\n<li><em>Am\u00e9nagement de la maison,<\/em><\/li>\n\n\n\n<li><em>Montage de meubles,<\/em><\/li>\n\n\n\n<li><em>Petits \u00e9tanchements,<\/em><\/li>\n\n\n\n<li><em>Petits travaux d&#8217;isolation,<\/em><\/li>\n\n\n\n<li><em>Petits d\u00e9m\u00e9nagements,<\/em><\/li>\n\n\n\n<li><em>R\u00e9paration des WC,<\/em><\/li>\n\n\n\n<li><em>Changer une prise \u00e9lectrique murale,<\/em><\/li>\n\n\n\n<li><em>R\u00e9parer une prise internet,<\/em><\/li>\n\n\n\n<li><em>Evacuation des d\u00e9chets \u00e0 la d\u00e9chetterie,<\/em><\/li>\n\n\n\n<li><em>Passages de fils,<\/em><\/li>\n\n\n\n<li>&#8230;<\/li>\n<\/ul>\n\n\n\n<p><strong>Jardinage :<\/strong><\/p>\n\n\n\n<ul class=\"wp-block-list\">\n<li><em>Remise en \u00e9tat du jardin,<\/em><\/li>\n\n\n\n<li><em>Tonte et entretien de la pelouse,<\/em><\/li>\n\n\n\n<li><em>Taille de vos haies,<\/em><\/li>\n\n\n\n<li><em>Elagage,<\/em><\/li>\n\n\n\n<li><em>Am\u00e9lioration du jardin,<\/em><\/li>\n\n\n\n<li><em>Pose de cl\u00f4tures,<\/em><\/li>\n\n\n\n<li><em>Am\u00e9nagements du jardin,<\/em><\/li>\n\n\n\n<li><em>Plantations,<\/em><\/li>\n\n\n\n<li><em>Arrachages de petites \u00e0 moyennes souches,<\/em><\/li>\n\n\n\n<li><em>R\u00e9paration &amp; r\u00e9novation de mobilier de jardin,<\/em><\/li>\n\n\n\n<li><em>Installation ou r\u00e9paration de cabanes ou d&#8217;abris de jardin,<\/em><\/li>\n\n\n\n<li><em>Evacuation des d\u00e9chets v\u00e9g\u00e9taux \u00e0 la d\u00e9chetterie,<\/em><\/li>\n\n\n\n<li><em>&#8230;<\/em><\/li>\n<\/ul>\n\n\n\n<p><strong>Petits travaux :<\/strong><\/p>\n\n\n\n<ul class=\"wp-block-list\">\n<li><em>R\u00e9alisable seul,<\/em><\/li>\n\n\n\n<li><em>Ou bien, r\u00e9alisable avec vous.<\/em><\/li>\n<\/ul>\n\n\n\n<p><strong>M\u00e9canique :<\/strong><\/p>\n\n\n\n<ul class=\"wp-block-list\">\n<li><em>V\u00e9los musculaires,<\/em><\/li>\n\n\n\n<li><em>V\u00e9los \u00e9lectriques,<\/em><\/li>\n\n\n\n<li><em>V\u00e9los de comp\u00e9tition<\/em>,<\/li>\n\n\n\n<li><em>Voiture (contr\u00f4les des niveaux, vidange, changer une roue, faire r\u00e9parer un pneu, changer les filtres, changer ou recharger sa batterie, changer les ampoules, &#8230;)<\/em><\/li>\n\n\n\n<li><em>Entretiens, r\u00e9parations, conseils, &#8230;<\/em><\/li>\n<\/ul>\n\n\n\n<p><strong>R\u00e9paration d&#8217;ordinateurs, de tablettes ou de t\u00e9l\u00e9phones :<\/strong><\/p>\n\n\n\n<ul class=\"wp-block-list\">\n<li><em>Changement de batterie,<\/em><\/li>\n\n\n\n<li><em>Changement d&#8217;\u00e9crans,<\/em><\/li>\n\n\n\n<li><em>Augmentation de la m\u00e9moire vive,<\/em><\/li>\n\n\n\n<li><em>Changement de votre ancien disque dur par un nouveau plus rapide,<\/em><\/li>\n\n\n\n<li><em>Mise en place d&#8217;une protection d&#8217;\u00e9cran,<\/em><\/li>\n\n\n\n<li>&#8230;<\/li>\n<\/ul>\n\n\n\n<p><strong>Cours particuliers (tous niveaux jusqu&#8217;\u00e0 Bac+3) en :<\/strong><\/p>\n\n\n\n<ul class=\"wp-block-list\">\n<li><em>Math\u00e9matiques (dont programme de Maths Expertes de Terminale et pr\u00e9paration au Bac),<\/em><\/li>\n\n\n\n<li><em>Physique-Chimie,<\/em><\/li>\n\n\n\n<li><em>M\u00e9thodologie de travail toutes mati\u00e8res,<\/em><\/li>\n\n\n\n<li><em>Astronomie &amp; astrophysique (technique, pratique et th\u00e9orique)<\/em>,<\/li>\n\n\n\n<li><em>Pr\u00e9pa Brevet, Pr\u00e9pa Bac, Pr\u00e9pa Examen, Pr\u00e9pa Concours,<\/em><\/li>\n\n\n\n<li><em>Pr\u00e9pa Concours de m\u00e9decine PASS (avec son \u00e9ventuel Oral).<\/em><\/li>\n<\/ul>\n\n\n\n<p><strong>Formations en Strat\u00e9gie de Travail &#8211; Haut de gamme<\/strong><\/p>\n\n\n\n<ul class=\"wp-block-list\">\n<li><em>Comment devenir bon, tr\u00e8s bon ou excellent \u00e0 l&#8217;\u00e9cole ?<\/em>\n<ul class=\"wp-block-list\">\n<li>&gt;&gt;&gt; <em>Je vous donne les strat\u00e9gies de travail qui fonctionnent \u00e0 tous les coups<\/em><\/li>\n<\/ul>\n<\/li>\n<\/ul>\n\n\n\n<p><strong>Formations en Astronomie :<\/strong><\/p>\n\n\n\n<ul class=\"wp-block-list\">\n<li><em>Faire fonctionner son premier mat\u00e9riel d&#8217;observation astronomique,<\/em><\/li>\n\n\n\n<li><em>Entretenir, r\u00e9parer &amp; am\u00e9liorer son instrument,<\/em><\/li>\n\n\n\n<li><em>Mat\u00e9riel n\u00e9cessaire \u00e0 l&#8217;astronome amateur,<\/em><\/li>\n\n\n\n<li><em>Pr\u00e9parer ses soir\u00e9es d&#8217;observation astronomique,<\/em><\/li>\n\n\n\n<li><em>Se rep\u00e9rer \u00e0 l&#8217;oeil nu,<\/em><\/li>\n\n\n\n<li><em>Utiliser une carte du ciel et conna\u00eetre la m\u00e9thode des alignements,<\/em><\/li>\n\n\n\n<li><em>&#8230;Bref, tout sur l&#8217;astronomie pratique, technique et th\u00e9orique&#8230;<\/em><\/li>\n<\/ul>\n\n\n\n<p><strong>Formations en Informatique :<\/strong><\/p>\n\n\n\n<ul class=\"wp-block-list\">\n<li><em>Utiliser un ordinateur, une tablette ou un t\u00e9l\u00e9phone<\/em><\/li>\n\n\n\n<li><em>R\u00e9parer et am\u00e9liorer son ordinateur portable<\/em><\/li>\n\n\n\n<li><em>Conna\u00eetre les bonnes pratiques de programmation<\/em><\/li>\n\n\n\n<li><em>Apprendre \u00e0 programmer (en Scratch, Python, VBA Excel, &#8230;)<\/em><\/li>\n\n\n\n<li><em>Cr\u00e9er un site web sans coder avec WordPress.<\/em> <em>Avec une pointe de PHP pour les plus curieux uniquement&#8230;<\/em><\/li>\n\n\n\n<li><em>Programmation pour d\u00e9veloppement web moderne (HTML, CSS, JavaScript, &#8230;)<\/em><\/li>\n\n\n\n<li><em>Programmation d&#8217;applications de t\u00e9l\u00e9phones portables (Node.js, &#8230;)<\/em><\/li>\n<\/ul>\n\n\n\n<p><strong>D\u00e9veloppement personnel<\/strong> :<\/p>\n\n\n\n<ul class=\"wp-block-list\">\n<li><em>l&#8217;Hypno-coaching de Vie et de Travail,<\/em><\/li>\n\n\n\n<li><em>Coaching d&#8217;organisation,<\/em><\/li>\n\n\n\n<li><em>Recherche du Bonheur &amp; de l&#8217;\u00e9panouissement<\/em>,<\/li>\n\n\n\n<li><em>Micro-formation: Comment devenir un bon communicant ?<\/em><\/li>\n<\/ul>\n\n\n\n<p><\/p>\n","protected":false},"excerpt":{"rendered":"<p>Multiservices \u00e0 la personne d\u00e9clar\u00e9 (50% de r\u00e9duction d&#8217;imp\u00f4ts) : Si vous habitez \u00e0 Herblay-Sur-Seine, S\u00e9bastien peut mettre toutes ses comp\u00e9tences \u00e0 votre service, et \u00eatre, pour vous, d&#8217;une bonne aide : Bricolage de la maison et du jardin : Jardinage : Petits travaux : M\u00e9canique : R\u00e9paration d&#8217;ordinateurs, de tablettes ou de t\u00e9l\u00e9phones :&hellip; <br \/> <a class=\"read-more\" href=\"https:\/\/mon-bon-ami.fr\/\">Read more<\/a><\/p>\n","protected":false},"author":1,"featured_media":0,"parent":0,"menu_order":0,"comment_status":"closed","ping_status":"closed","template":"","meta":{"footnotes":""},"class_list":["post-14","page","type-page","status-publish","hentry"],"aioseo_notices":[],"_links":{"self":[{"href":"https:\/\/mon-bon-ami.fr\/index.php?rest_route=\/wp\/v2\/pages\/14","targetHints":{"allow":["GET"]}}],"collection":[{"href":"https:\/\/mon-bon-ami.fr\/index.php?rest_route=\/wp\/v2\/pages"}],"about":[{"href":"https:\/\/mon-bon-ami.fr\/index.php?rest_route=\/wp\/v2\/types\/page"}],"author":[{"embeddable":true,"href":"https:\/\/mon-bon-ami.fr\/index.php?rest_route=\/wp\/v2\/users\/1"}],"replies":[{"embeddable":true,"href":"https:\/\/mon-bon-ami.fr\/index.php?rest_route=%2Fwp%2Fv2%2Fcomments&post=14"}],"version-history":[{"count":26,"href":"https:\/\/mon-bon-ami.fr\/index.php?rest_route=\/wp\/v2\/pages\/14\/revisions"}],"predecessor-version":[{"id":540,"href":"https:\/\/mon-bon-ami.fr\/index.php?rest_route=\/wp\/v2\/pages\/14\/revisions\/540"}],"wp:attachment":[{"href":"https:\/\/mon-bon-ami.fr\/index.php?rest_route=%2Fwp%2Fv2%2Fmedia&parent=14"}],"curies":[{"name":"wp","href":"https:\/\/api.w.org\/{rel}","templated":true}]}}